{"id":12365,"date":"2025-02-15T19:01:54","date_gmt":"2025-02-15T19:01:54","guid":{"rendered":"https:\/\/infleet.siteup.dev\/?page_id=617"},"modified":"2025-05-06T19:38:15","modified_gmt":"2025-05-06T19:38:15","slug":"monitoramento","status":"publish","type":"page","link":"https:\/\/infleet.siteup.dev\/es\/monitoramento\/","title":{"rendered":"Escucha"},"content":{"rendered":"","protected":false},"excerpt":{"rendered":"","protected":false},"author":1,"featured_media":0,"parent":0,"menu_order":0,"comment_status":"closed","ping_status":"closed","template":"template-pages\/featured.php","meta":{"inline_featured_image":false,"footnotes":""},"class_list":["post-12365","page","type-page","status-publish","hentry"],"acf":[],"yoast_head":"<!-- This site is optimized with the Yoast SEO plugin v27.6 - https:\/\/yoast.com\/product\/yoast-seo-wordpress\/ -->\n<title>Sistema de Monitoramento Veicular | Infleet<\/title>\n<meta name=\"description\" content=\"O sistema de monitoramento veicular da Infleet oferece controle em tempo real, reduz custos e melhora a seguran\u00e7a da sua opera\u00e7\u00e3o. Conhe\u00e7a!\" \/>\n<meta name=\"robots\" content=\"noindex, follow, max-snippet:-1, max-image-preview:large, max-video-preview:-1\" \/>\n<meta property=\"og:locale\" content=\"es_ES\" \/>\n<meta property=\"og:type\" content=\"article\" \/>\n<meta property=\"og:title\" content=\"Sistema de Monitoramento Veicular | Infleet\" \/>\n<meta property=\"og:description\" content=\"O sistema de monitoramento veicular da Infleet oferece controle em tempo real, reduz custos e melhora a seguran\u00e7a da sua opera\u00e7\u00e3o. Conhe\u00e7a!\" \/>\n<meta property=\"og:url\" content=\"https:\/\/infleet.siteup.dev\/es\/monitoramento\/\" \/>\n<meta property=\"og:site_name\" content=\"Infleet\" \/>\n<meta property=\"article:modified_time\" content=\"2025-05-06T19:38:15+00:00\" \/>\n<meta property=\"og:image\" content=\"https:\/\/infleet.siteup.dev\/wp-content\/uploads\/2025\/05\/screenshot-share.png\" \/>\n\t<meta property=\"og:image:width\" content=\"1200\" \/>\n\t<meta property=\"og:image:height\" content=\"628\" \/>\n\t<meta property=\"og:image:type\" content=\"image\/png\" \/>\n<meta name=\"twitter:card\" content=\"summary_large_image\" \/>\n<script type=\"application\/ld+json\" class=\"yoast-schema-graph\">{\"@context\":\"https:\\\/\\\/schema.org\",\"@graph\":[{\"@type\":\"WebPage\",\"@id\":\"https:\\\/\\\/infleet.siteup.dev\\\/monitoramento\\\/\",\"url\":\"https:\\\/\\\/infleet.siteup.dev\\\/monitoramento\\\/\",\"name\":\"Sistema de Monitoramento Veicular | Infleet\",\"isPartOf\":{\"@id\":\"https:\\\/\\\/infleet.siteup.dev\\\/#website\"},\"datePublished\":\"2025-02-15T19:01:54+00:00\",\"dateModified\":\"2025-05-06T19:38:15+00:00\",\"description\":\"O sistema de monitoramento veicular da Infleet oferece controle em tempo real, reduz custos e melhora a seguran\u00e7a da sua opera\u00e7\u00e3o. Conhe\u00e7a!\",\"breadcrumb\":{\"@id\":\"https:\\\/\\\/infleet.siteup.dev\\\/monitoramento\\\/#breadcrumb\"},\"inLanguage\":\"es\",\"potentialAction\":[{\"@type\":\"ReadAction\",\"target\":[\"https:\\\/\\\/infleet.siteup.dev\\\/monitoramento\\\/\"]}]},{\"@type\":\"BreadcrumbList\",\"@id\":\"https:\\\/\\\/infleet.siteup.dev\\\/monitoramento\\\/#breadcrumb\",\"itemListElement\":[{\"@type\":\"ListItem\",\"position\":1,\"name\":\"In\u00edcio\",\"item\":\"https:\\\/\\\/infleet.siteup.dev\\\/\"},{\"@type\":\"ListItem\",\"position\":2,\"name\":\"Monitoramento\"}]},{\"@type\":\"WebSite\",\"@id\":\"https:\\\/\\\/infleet.siteup.dev\\\/#website\",\"url\":\"https:\\\/\\\/infleet.siteup.dev\\\/\",\"name\":\"Infleet\",\"description\":\"Sistema de Gest\u00e3o de Frota\",\"publisher\":{\"@id\":\"https:\\\/\\\/infleet.siteup.dev\\\/#organization\"},\"potentialAction\":[{\"@type\":\"SearchAction\",\"target\":{\"@type\":\"EntryPoint\",\"urlTemplate\":\"https:\\\/\\\/infleet.siteup.dev\\\/?s={search_term_string}\"},\"query-input\":{\"@type\":\"PropertyValueSpecification\",\"valueRequired\":true,\"valueName\":\"search_term_string\"}}],\"inLanguage\":\"es\"},{\"@type\":\"Organization\",\"@id\":\"https:\\\/\\\/infleet.siteup.dev\\\/#organization\",\"name\":\"Infleet\",\"url\":\"https:\\\/\\\/infleet.siteup.dev\\\/\",\"logo\":{\"@type\":\"ImageObject\",\"inLanguage\":\"es\",\"@id\":\"https:\\\/\\\/infleet.siteup.dev\\\/#\\\/schema\\\/logo\\\/image\\\/\",\"url\":\"https:\\\/\\\/infleet.siteup.dev\\\/wp-content\\\/uploads\\\/2025\\\/02\\\/logo.svg\",\"contentUrl\":\"https:\\\/\\\/infleet.siteup.dev\\\/wp-content\\\/uploads\\\/2025\\\/02\\\/logo.svg\",\"width\":149,\"height\":45,\"caption\":\"Infleet\"},\"image\":{\"@id\":\"https:\\\/\\\/infleet.siteup.dev\\\/#\\\/schema\\\/logo\\\/image\\\/\"}}]}<\/script>\n<!-- \/ Yoast SEO plugin. -->","yoast_head_json":{"title":"Sistema de Monitoramento Veicular | Infleet","description":"O sistema de monitoramento veicular da Infleet oferece controle em tempo real, reduz custos e melhora a seguran\u00e7a da sua opera\u00e7\u00e3o. Conhe\u00e7a!","robots":{"index":"noindex","follow":"follow","max-snippet":"max-snippet:-1","max-image-preview":"max-image-preview:large","max-video-preview":"max-video-preview:-1"},"og_locale":"es_ES","og_type":"article","og_title":"Sistema de Monitoramento Veicular | Infleet","og_description":"O sistema de monitoramento veicular da Infleet oferece controle em tempo real, reduz custos e melhora a seguran\u00e7a da sua opera\u00e7\u00e3o. Conhe\u00e7a!","og_url":"https:\/\/infleet.siteup.dev\/es\/monitoramento\/","og_site_name":"Infleet","article_modified_time":"2025-05-06T19:38:15+00:00","og_image":[{"width":1200,"height":628,"url":"https:\/\/infleet.siteup.dev\/wp-content\/uploads\/2025\/05\/screenshot-share.png","type":"image\/png"}],"twitter_card":"summary_large_image","schema":{"@context":"https:\/\/schema.org","@graph":[{"@type":"WebPage","@id":"https:\/\/infleet.siteup.dev\/monitoramento\/","url":"https:\/\/infleet.siteup.dev\/monitoramento\/","name":"Sistema de Monitoramento Veicular | Infleet","isPartOf":{"@id":"https:\/\/infleet.siteup.dev\/#website"},"datePublished":"2025-02-15T19:01:54+00:00","dateModified":"2025-05-06T19:38:15+00:00","description":"O sistema de monitoramento veicular da Infleet oferece controle em tempo real, reduz custos e melhora a seguran\u00e7a da sua opera\u00e7\u00e3o. Conhe\u00e7a!","breadcrumb":{"@id":"https:\/\/infleet.siteup.dev\/monitoramento\/#breadcrumb"},"inLanguage":"es","potentialAction":[{"@type":"ReadAction","target":["https:\/\/infleet.siteup.dev\/monitoramento\/"]}]},{"@type":"BreadcrumbList","@id":"https:\/\/infleet.siteup.dev\/monitoramento\/#breadcrumb","itemListElement":[{"@type":"ListItem","position":1,"name":"In\u00edcio","item":"https:\/\/infleet.siteup.dev\/"},{"@type":"ListItem","position":2,"name":"Monitoramento"}]},{"@type":"WebSite","@id":"https:\/\/infleet.siteup.dev\/#website","url":"https:\/\/infleet.siteup.dev\/","name":"Infleet","description":"Sistema de Gest\u00e3o de Frota","publisher":{"@id":"https:\/\/infleet.siteup.dev\/#organization"},"potentialAction":[{"@type":"SearchAction","target":{"@type":"EntryPoint","urlTemplate":"https:\/\/infleet.siteup.dev\/?s={search_term_string}"},"query-input":{"@type":"PropertyValueSpecification","valueRequired":true,"valueName":"search_term_string"}}],"inLanguage":"es"},{"@type":"Organization","@id":"https:\/\/infleet.siteup.dev\/#organization","name":"Infleet","url":"https:\/\/infleet.siteup.dev\/","logo":{"@type":"ImageObject","inLanguage":"es","@id":"https:\/\/infleet.siteup.dev\/#\/schema\/logo\/image\/","url":"https:\/\/infleet.siteup.dev\/wp-content\/uploads\/2025\/02\/logo.svg","contentUrl":"https:\/\/infleet.siteup.dev\/wp-content\/uploads\/2025\/02\/logo.svg","width":149,"height":45,"caption":"Infleet"},"image":{"@id":"https:\/\/infleet.siteup.dev\/#\/schema\/logo\/image\/"}}]}},"_links":{"self":[{"href":"https:\/\/infleet.siteup.dev\/es\/wp-json\/wp\/v2\/pages\/12365","targetHints":{"allow":["GET"]}}],"collection":[{"href":"https:\/\/infleet.siteup.dev\/es\/wp-json\/wp\/v2\/pages"}],"about":[{"href":"https:\/\/infleet.siteup.dev\/es\/wp-json\/wp\/v2\/types\/page"}],"author":[{"embeddable":true,"href":"https:\/\/infleet.siteup.dev\/es\/wp-json\/wp\/v2\/users\/1"}],"replies":[{"embeddable":true,"href":"https:\/\/infleet.siteup.dev\/es\/wp-json\/wp\/v2\/comments?post=12365"}],"version-history":[{"count":24,"href":"https:\/\/infleet.siteup.dev\/es\/wp-json\/wp\/v2\/pages\/12365\/revisions"}],"predecessor-version":[{"id":14245,"href":"https:\/\/infleet.siteup.dev\/es\/wp-json\/wp\/v2\/pages\/12365\/revisions\/14245"}],"wp:attachment":[{"href":"https:\/\/infleet.siteup.dev\/es\/wp-json\/wp\/v2\/media?parent=12365"}],"curies":[{"name":"wp","href":"https:\/\/api.w.org\/{rel}","templated":true}]}}